{"id":22,"date":"2025-10-09T08:00:54","date_gmt":"2025-10-09T12:00:54","guid":{"rendered":"https:\/\/esom.cl\/blog\/?page_id=22"},"modified":"2026-03-08T21:41:01","modified_gmt":"2026-03-09T01:41:01","slug":"22-2","status":"publish","type":"page","link":"https:\/\/esom.cl\/blog\/","title":{"rendered":"ESOM ex\u00e1menes Preocupacionales"},"content":{"rendered":"\n<div class=\"wp-block-columns is-layout-flex wp-container-core-columns-is-layout-28f84493 wp-block-columns-is-layout-flex\">\n<div class=\"wp-block-column is-layout-flow wp-block-column-is-layout-flow\" style=\"flex-basis:100%\">\n<div class=\"wp-block-uagb-container uagb-block-e104c0ba alignfull uagb-is-root-container\"><div class=\"uagb-container-inner-blocks-wrap\">\n<h1 class=\"wp-block-heading\">Salud para su Equipo y RESPALDO para su Empresa<\/h1>\n\n\n\n<p class=\"has-medium-font-size\">Certificamos la Aptitud Laboral de sus Trabajadores<\/p>\n\n\n\n<div class=\"wp-block-uagb-container uagb-block-7b2ec50b\">\n<div class=\"wp-block-buttons is-layout-flex wp-block-buttons-is-layout-flex\">\n<div class=\"wp-block-button\"><a class=\"wp-block-button__link wp-element-button\">Cotice Aqu\u00ed<\/a><\/div>\n<\/div>\n<\/div>\n<\/div><\/div>\n<\/div>\n<\/div>\n\n\n\n<div class=\"wp-block-group alignfull has-ast-global-color-5-background-color has-background is-layout-constrained wp-container-core-group-is-layout-ebee8dc1 wp-block-group-is-layout-constrained\" style=\"margin-top:0;margin-bottom:0;padding-top:var(--wp--preset--spacing--50);padding-bottom:var(--wp--preset--spacing--50)\">\n<h2 class=\"wp-block-heading alignwide\">Nuestros servicios de Ex\u00e1menes Preocupacionales<\/h2>\n\n\n\n<div class=\"wp-block-columns alignwide is-layout-flex wp-container-core-columns-is-layout-28f84493 wp-block-columns-is-layout-flex\">\n<div class=\"wp-block-column is-layout-flow wp-block-column-is-layout-flow\">\n<figure class=\"wp-block-image size-large\" style=\"margin-bottom:24px\"><img decoding=\"async\" width=\"768\" height=\"1024\" data-src=\"https:\/\/esom.cl\/blog\/wp-content\/uploads\/2025\/10\/carro-movil-esom.webp\" alt=\"Imagen para el servicio\" class=\"wp-image-26 lazyload\" style=\"--smush-placeholder-width: 768px; --smush-placeholder-aspect-ratio: 768\/1024;aspect-ratio:4\/3;object-fit:cover\" title=\"ESOM ex\u00e1menes Preocupacionales\" data-srcset=\"https:\/\/esom.cl\/blog\/wp-content\/uploads\/2025\/10\/carro-movil-esom.webp 768w, https:\/\/esom.cl\/blog\/wp-content\/uploads\/2025\/10\/carro-movil-esom-225x300.webp 225w\" data-sizes=\"(max-width: 768px) 100vw, 768px\" src=\"data:image\/svg+xml;base64,PHN2ZyB3aWR0aD0iMSIgaGVpZ2h0PSIxIiB4bWxucz0iaHR0cDovL3d3dy53My5vcmcvMjAwMC9zdmciPjwvc3ZnPg==\" \/><\/figure>\n\n\n\n<h3 class=\"wp-block-heading\">Ex\u00e1menes en Sucursal<\/h3>\n\n\n\n<p class=\"has-medium-font-size\">Vis\u00edtenos en Parque Industrial Costado Terramar, Coronel.<\/p>\n<\/div>\n\n\n\n<div class=\"wp-block-column is-layout-flow wp-block-column-is-layout-flow\">\n<figure class=\"wp-block-image size-large\" style=\"margin-bottom:24px\"><img decoding=\"async\" width=\"1024\" height=\"559\" data-src=\"https:\/\/esom.cl\/blog\/wp-content\/uploads\/2025\/10\/fondo-hero-esom.webp\" alt=\"Imagen para el servicio\" class=\"wp-image-27 lazyload\" style=\"--smush-placeholder-width: 1024px; --smush-placeholder-aspect-ratio: 1024\/559;aspect-ratio:4\/3;object-fit:cover\" title=\"ESOM ex\u00e1menes Preocupacionales\" data-srcset=\"https:\/\/esom.cl\/blog\/wp-content\/uploads\/2025\/10\/fondo-hero-esom.webp 1024w, https:\/\/esom.cl\/blog\/wp-content\/uploads\/2025\/10\/fondo-hero-esom-300x164.webp 300w, https:\/\/esom.cl\/blog\/wp-content\/uploads\/2025\/10\/fondo-hero-esom-768x419.webp 768w\" data-sizes=\"(max-width: 1024px) 100vw, 1024px\" src=\"data:image\/svg+xml;base64,PHN2ZyB3aWR0aD0iMSIgaGVpZ2h0PSIxIiB4bWxucz0iaHR0cDovL3d3dy53My5vcmcvMjAwMC9zdmciPjwvc3ZnPg==\" \/><\/figure>\n\n\n\n<h3 class=\"wp-block-heading\">Ex\u00e1menes en Terreno<\/h3>\n\n\n\n<p class=\"has-medium-font-size\">Realizamos operativos en Terreno en la regi\u00f3n del Biob\u00edo. <\/p>\n<\/div>\n\n\n\n<div class=\"wp-block-column is-layout-flow wp-block-column-is-layout-flow\">\n<figure class=\"wp-block-image size-large\" style=\"margin-bottom:24px\"><img decoding=\"async\" width=\"1280\" height=\"765\" data-src=\"https:\/\/esom.cl\/blog\/wp-content\/uploads\/2025\/10\/trabajo-altura-hero.webp\" alt=\"Imagen para el servicio\" class=\"wp-image-24 lazyload\" style=\"--smush-placeholder-width: 1280px; --smush-placeholder-aspect-ratio: 1280\/765;aspect-ratio:4\/3;object-fit:cover\" title=\"ESOM ex\u00e1menes Preocupacionales\" data-srcset=\"https:\/\/esom.cl\/blog\/wp-content\/uploads\/2025\/10\/trabajo-altura-hero.webp 1280w, https:\/\/esom.cl\/blog\/wp-content\/uploads\/2025\/10\/trabajo-altura-hero-300x179.webp 300w, https:\/\/esom.cl\/blog\/wp-content\/uploads\/2025\/10\/trabajo-altura-hero-1024x612.webp 1024w, https:\/\/esom.cl\/blog\/wp-content\/uploads\/2025\/10\/trabajo-altura-hero-768x459.webp 768w\" data-sizes=\"(max-width: 1280px) 100vw, 1280px\" src=\"data:image\/svg+xml;base64,PHN2ZyB3aWR0aD0iMSIgaGVpZ2h0PSIxIiB4bWxucz0iaHR0cDovL3d3dy53My5vcmcvMjAwMC9zdmciPjwvc3ZnPg==\" \/><\/figure>\n\n\n\n<h3 class=\"wp-block-heading\">Variedad de Ex\u00e1menes<\/h3>\n\n\n\n<p class=\"has-medium-font-size\">Tenemos todos los ex\u00e1menes que la industria Chilena necesita.<\/p>\n<\/div>\n<\/div>\n<\/div>\n\n\n\n<aside class=\"wp-block-group alignfull is-style-section-3 is-layout-constrained wp-container-core-group-is-layout-f0f2a97b wp-block-group-is-layout-constrained\" style=\"margin-top:0;margin-bottom:0;padding-top:var(--wp--preset--spacing--50);padding-right:var(--wp--preset--spacing--50);padding-bottom:var(--wp--preset--spacing--50);padding-left:var(--wp--preset--spacing--50)\">\n<div class=\"wp-block-uagb-advanced-heading uagb-block-13fd34a4\"><h2 class=\"uagb-heading-text\">\u00bfPorqu\u00e9 Elegir a ESOM?<\/h2><\/div>\n\n\n\n<p>\u2705 <strong>Gesti\u00f3n Digital 360\u00b0:<\/strong> Control total de tu personal desde un solo panel.<\/p>\n\n\n\n<p>\u2705 <strong>Alertas Inteligentes:<\/strong> Cero vencimientos; el sistema te avisa antes.<\/p>\n\n\n\n<p>\u2705 <strong>Agendamiento Express:<\/strong> Reserva horas en segundos, sin burocracia.<\/p>\n\n\n\n<p>\u2705 <strong>Certificados hasta en 6 horas:<\/strong> Contrata r\u00e1pido con resultados en tiempo r\u00e9cord.<\/p>\n\n\n\n<p>\u2705 <strong>Validaci\u00f3n Instant\u00e1nea:<\/strong> Autenticidad frente a cualquier <strong>fiscalizaci\u00f3n<\/strong>.<\/p>\n\n\n\n<p>\u2705 <strong>Pago Centralizado:<\/strong> Gesti\u00f3 financiera simple y 100% online.<\/p>\n\n\n\n<p>\u2705 <strong>Bater\u00edas de Alto Riesgo:<\/strong> Ex\u00e1menes espec\u00edficos para cargos cr\u00edticos y peligrosos.<\/p>\n\n\n\n<p>\u2705 <strong>Blindaje Legal:<\/strong> Cumplimiento total con SEREMI y Ley 16.744.<\/p>\n<\/aside>\n\n\n\n<div class=\"wp-block-uagb-container uagb-block-994c0651 alignfull uagb-is-root-container\"><div class=\"uagb-container-inner-blocks-wrap\">\n<div style=\"height:51px\" aria-hidden=\"true\" class=\"wp-block-spacer\"><\/div>\n\n\n\n<div class=\"wp-block-uagb-advanced-heading uagb-block-4ae7f736\"><h2 class=\"uagb-heading-text\">Evita Multas y Certifica a tu Equipo con ESOM<\/h2><\/div>\n\n\n\n<div style=\"height:51px\" aria-hidden=\"true\" class=\"wp-block-spacer\"><\/div>\n\n\n\n<div class=\"wp-block-uagb-buttons uagb-buttons__outer-wrap uagb-btn__default-btn uagb-btn-tablet__default-btn uagb-btn-mobile__default-btn uagb-block-77d544c1\"><div class=\"uagb-buttons__wrap uagb-buttons-layout-wrap \">\n<div class=\"wp-block-uagb-buttons-child uagb-buttons__outer-wrap uagb-block-2d511788 wp-block-button\"><div class=\"uagb-button__wrapper\"><a class=\"uagb-buttons-repeater wp-block-button__link\" aria-label=\"\" href=\"#\" rel=\"follow noopener\" target=\"_self\" role=\"button\"><div class=\"uagb-button__link\">Cont\u00e1ctanos<\/div><\/a><\/div><\/div>\n<\/div><\/div>\n\n\n\n<div style=\"height:51px\" aria-hidden=\"true\" class=\"wp-block-spacer\"><\/div>\n<\/div><\/div>\n\n\n\n<div class=\"wp-block-group alignfull is-style-section-1 has-background is-layout-constrained wp-block-group-is-layout-constrained\" style=\"background-color:#eff6ff;margin-top:0;margin-bottom:0;padding-top:var(--wp--preset--spacing--80);padding-bottom:var(--wp--preset--spacing--80)\">\n<div class=\"wp-block-columns alignwide is-layout-flex wp-container-core-columns-is-layout-66fad18a wp-block-columns-is-layout-flex\">\n<div class=\"wp-block-column is-layout-flow wp-block-column-is-layout-flow\" style=\"padding-right:var(--wp--preset--spacing--50);flex-basis:45%\">\n<figure class=\"wp-block-image size-large\"><img decoding=\"async\" width=\"300\" height=\"300\" data-src=\"https:\/\/esom.cl\/blog\/wp-content\/uploads\/2025\/10\/gerente-victor-hernandez.webp\" alt=\"Primer plano fotogr\u00e1fico de una flor roja.\" class=\"wp-image-23 lazyload\" title=\"ESOM ex\u00e1menes Preocupacionales\" data-srcset=\"https:\/\/esom.cl\/blog\/wp-content\/uploads\/2025\/10\/gerente-victor-hernandez.webp 300w, https:\/\/esom.cl\/blog\/wp-content\/uploads\/2025\/10\/gerente-victor-hernandez-150x150.webp 150w\" data-sizes=\"(max-width: 300px) 100vw, 300px\" src=\"data:image\/svg+xml;base64,PHN2ZyB3aWR0aD0iMSIgaGVpZ2h0PSIxIiB4bWxucz0iaHR0cDovL3d3dy53My5vcmcvMjAwMC9zdmciPjwvc3ZnPg==\" style=\"--smush-placeholder-width: 300px; --smush-placeholder-aspect-ratio: 300\/300;\" \/><\/figure>\n\n\n\n<div class=\"wp-block-group is-layout-constrained wp-block-group-is-layout-constrained\" style=\"margin-top:-12vw\">\n<figure class=\"wp-block-image alignright size-large is-resized\" style=\"margin-right:-5vw;margin-left:-5vw\"><img decoding=\"async\" width=\"300\" height=\"300\" data-src=\"https:\/\/esom.cl\/blog\/wp-content\/uploads\/2025\/10\/doctor-juan-godoy.webp\" alt=\"Fotograf\u00eda en blanco y negro primer plano de una flor.\" class=\"wp-image-25 lazyload\" style=\"--smush-placeholder-width: 300px; --smush-placeholder-aspect-ratio: 300\/300;width:202px\" title=\"ESOM ex\u00e1menes Preocupacionales\" data-srcset=\"https:\/\/esom.cl\/blog\/wp-content\/uploads\/2025\/10\/doctor-juan-godoy.webp 300w, https:\/\/esom.cl\/blog\/wp-content\/uploads\/2025\/10\/doctor-juan-godoy-150x150.webp 150w\" data-sizes=\"(max-width: 300px) 100vw, 300px\" src=\"data:image\/svg+xml;base64,PHN2ZyB3aWR0aD0iMSIgaGVpZ2h0PSIxIiB4bWxucz0iaHR0cDovL3d3dy53My5vcmcvMjAwMC9zdmciPjwvc3ZnPg==\" \/><\/figure>\n<\/div>\n<\/div>\n\n\n\n<div class=\"wp-block-column is-vertically-aligned-center is-layout-flow wp-block-column-is-layout-flow\" style=\"padding-right:0;padding-left:0;flex-basis:50%\">\n<div class=\"wp-block-group is-vertical is-layout-flex wp-container-core-group-is-layout-fe9cc265 wp-block-group-is-layout-flex\">\n<h2 class=\"wp-block-heading is-style-text-annotation\">Quienes Somos<\/h2>\n<\/div>\n\n\n\n<p class=\"is-style-text-subtitle\"><strong>ESOM<\/strong> es su socio estrat\u00e9gico en <strong>Salud Ocupacional<\/strong> en la Regi\u00f3n del Biob\u00edo. Somos un centro especializado, validado por la <strong>SEREMI de Salud<\/strong>, enfocado en la realizaci\u00f3n de <strong>Ex\u00e1menes Preocupacionales<\/strong> y ocupacionales para la alta industria, construcci\u00f3n, miner\u00eda y rubros de alto riesgo (como trabajos en altura, espacios confinados y operadores de maquinaria).<\/p>\n\n\n\n<div class=\"wp-block-group is-vertical is-layout-flex wp-container-core-group-is-layout-fe9cc265 wp-block-group-is-layout-flex\">\n<h2 class=\"wp-block-heading is-style-text-annotation\">Nuestra Misi\u00f3n<\/h2>\n<\/div>\n\n\n\n<p class=\"is-style-text-subtitle\"><strong>Nuestra Misi\u00f3n<\/strong> es garantizar el <strong>cumplimiento normativo<\/strong> (Ley N\u00b016.744) y proteger la <strong>salud y productividad<\/strong> de su equipo.<\/p>\n<\/div>\n<\/div>\n<\/div>\n\n\n\n<div style=\"height:56px\" aria-hidden=\"true\" class=\"wp-block-spacer\"><\/div>\n\n\n\n<p><\/p>\n\n\n\n<h2 class=\"wp-block-heading\">Entradas del Blog de ESOM<\/h2>\n\n\n\n<p><\/p>\n\n\n<ul class=\"wp-block-latest-posts__list has-dates wp-block-latest-posts\"><li><div class=\"wp-block-latest-posts__featured-image alignleft\"><img decoding=\"async\" width=\"150\" height=\"150\" data-src=\"https:\/\/esom.cl\/blog\/wp-content\/uploads\/examenes-preocupacionales-chile-1-150x150.png\" class=\"attachment-thumbnail size-thumbnail wp-post-image lazyload\" alt=\"\u00bfCu\u00e1les son los ex\u00e1menes preocupacionales en Chile?\" title=\"\u00bfCu\u00e1les son los Ex\u00e1menes Preocupacionales en Chile?\" src=\"data:image\/svg+xml;base64,PHN2ZyB3aWR0aD0iMSIgaGVpZ2h0PSIxIiB4bWxucz0iaHR0cDovL3d3dy53My5vcmcvMjAwMC9zdmciPjwvc3ZnPg==\" style=\"--smush-placeholder-width: 150px; --smush-placeholder-aspect-ratio: 150\/150;\"><\/div><a class=\"wp-block-latest-posts__post-title\" href=\"https:\/\/esom.cl\/blog\/cuales-son-los-examenes-preocupacionales-en-chile\/\">\u00bfCu\u00e1les son los Ex\u00e1menes Preocupacionales en Chile?<\/a><time datetime=\"2025-10-15T11:11:37-04:00\" class=\"wp-block-latest-posts__post-date\">octubre 15, 2025<\/time><\/li>\n<li><div class=\"wp-block-latest-posts__featured-image alignleft\"><img decoding=\"async\" width=\"150\" height=\"150\" data-src=\"https:\/\/esom.cl\/blog\/wp-content\/uploads\/2025\/10\/direccion-del-trabajo-150x150.jpg\" class=\"attachment-thumbnail size-thumbnail wp-post-image lazyload\" alt=\"Fachada de edificio de Direcci\u00f3n del Trabajo\" title=\"Multas e Indemnizaciones: El Alto Costo de la Negligencia en la Miner\u00eda Chilena\" src=\"data:image\/svg+xml;base64,PHN2ZyB3aWR0aD0iMSIgaGVpZ2h0PSIxIiB4bWxucz0iaHR0cDovL3d3dy53My5vcmcvMjAwMC9zdmciPjwvc3ZnPg==\" style=\"--smush-placeholder-width: 150px; --smush-placeholder-aspect-ratio: 150\/150;\"><\/div><a class=\"wp-block-latest-posts__post-title\" href=\"https:\/\/esom.cl\/blog\/multas-e-indemnizaciones-el-alto-costo-de-la-negligencia-en-la-mineria-chilena\/\">Multas e Indemnizaciones: El Alto Costo de la Negligencia en la Miner\u00eda Chilena<\/a><time datetime=\"2025-10-13T11:59:00-04:00\" class=\"wp-block-latest-posts__post-date\">octubre 13, 2025<\/time><\/li>\n<li><div class=\"wp-block-latest-posts__featured-image alignleft\"><img decoding=\"async\" width=\"150\" height=\"150\" data-src=\"https:\/\/esom.cl\/blog\/wp-content\/uploads\/2025\/10\/mineria-chile-150x150.jpg\" class=\"attachment-thumbnail size-thumbnail wp-post-image lazyload\" alt=\"Industria Minera en chile. Imagen muestra mina abierta con dos trabajadores en la cima\" title=\"Cumplimiento ley laboral en la Industria Minera\" src=\"data:image\/svg+xml;base64,PHN2ZyB3aWR0aD0iMSIgaGVpZ2h0PSIxIiB4bWxucz0iaHR0cDovL3d3dy53My5vcmcvMjAwMC9zdmciPjwvc3ZnPg==\" style=\"--smush-placeholder-width: 150px; --smush-placeholder-aspect-ratio: 150\/150;\"><\/div><a class=\"wp-block-latest-posts__post-title\" href=\"https:\/\/esom.cl\/blog\/cumplimiento-ley-laboral-en-la-industria-minera-chilena\/\">Cumplimiento ley laboral en la Industria Minera<\/a><time datetime=\"2025-10-09T08:44:29-04:00\" class=\"wp-block-latest-posts__post-date\">octubre 9, 2025<\/time><\/li>\n<li><div class=\"wp-block-latest-posts__featured-image alignleft\"><img decoding=\"async\" width=\"150\" height=\"150\" data-src=\"https:\/\/esom.cl\/blog\/wp-content\/uploads\/2025\/09\/Corma-Logo-150x150.jpeg\" class=\"attachment-thumbnail size-thumbnail wp-post-image lazyload\" alt=\"Logo de Corma\" title=\"\u00a1ESOM en Camino a la Acreditaci\u00f3n CORMA! Fortaleciendo Nuestro Compromiso con la Industria Forestal\" src=\"data:image\/svg+xml;base64,PHN2ZyB3aWR0aD0iMSIgaGVpZ2h0PSIxIiB4bWxucz0iaHR0cDovL3d3dy53My5vcmcvMjAwMC9zdmciPjwvc3ZnPg==\" style=\"--smush-placeholder-width: 150px; --smush-placeholder-aspect-ratio: 150\/150;\"><\/div><a class=\"wp-block-latest-posts__post-title\" href=\"https:\/\/esom.cl\/blog\/iniciada-la-acreditacion-corma\/\">\u00a1ESOM en Camino a la Acreditaci\u00f3n CORMA! Fortaleciendo Nuestro Compromiso con la Industria Forestal<\/a><time datetime=\"2025-09-29T13:29:39-04:00\" class=\"wp-block-latest-posts__post-date\">septiembre 29, 2025<\/time><\/li>\n<\/ul>","protected":false},"excerpt":{"rendered":"<p>Salud para su Equipo y RESPALDO para su Empresa Certificamos la Aptitud Laboral de sus Trabajadores Nuestros servicios de Ex\u00e1menes [&hellip;]<\/p>\n","protected":false},"author":1,"featured_media":0,"parent":0,"menu_order":0,"comment_status":"closed","ping_status":"closed","template":"","meta":{"_uag_custom_page_level_css":"","site-sidebar-layout":"default","site-content-layout":"","ast-site-content-layout":"default","site-content-style":"default","site-sidebar-style":"default","ast-global-header-display":"","ast-banner-title-visibility":"","ast-main-header-display":"","ast-hfb-above-header-display":"","ast-hfb-below-header-display":"","ast-hfb-mobile-header-display":"","site-post-title":"disabled","ast-breadcrumbs-content":"","ast-featured-img":"","footer-sml-layout":"","ast-disable-related-posts":"","theme-transparent-header-meta":"","adv-header-id-meta":"","stick-header-meta":"","header-above-stick-meta":"","header-main-stick-meta":"","header-below-stick-meta":"","astra-migrate-meta-layouts":"default","ast-page-background-enabled":"default","ast-page-background-meta":{"desktop":{"background-color":"var(--ast-global-color-4)","background-image":"","background-repeat":"repeat","background-position":"center center","background-size":"auto","background-attachment":"scroll","background-type":"","background-media":"","overlay-type":"","overlay-color":"","overlay-opacity":"","overlay-gradient":""},"tablet":{"background-color":"","background-image":"","background-repeat":"repeat","background-position":"center center","background-size":"auto","background-attachment":"scroll","background-type":"","background-media":"","overlay-type":"","overlay-color":"","overlay-opacity":"","overlay-gradient":""},"mobile":{"background-color":"","background-image":"","background-repeat":"repeat","background-position":"center center","background-size":"auto","background-attachment":"scroll","background-type":"","background-media":"","overlay-type":"","overlay-color":"","overlay-opacity":"","overlay-gradient":""}},"ast-content-background-meta":{"desktop":{"background-color":"var(--ast-global-color-5)","background-image":"","background-repeat":"repeat","background-position":"center center","background-size":"auto","background-attachment":"scroll","background-type":"","background-media":"","overlay-type":"","overlay-color":"","overlay-opacity":"","overlay-gradient":""},"tablet":{"background-color":"var(--ast-global-color-5)","background-image":"","background-repeat":"repeat","background-position":"center center","background-size":"auto","background-attachment":"scroll","background-type":"","background-media":"","overlay-type":"","overlay-color":"","overlay-opacity":"","overlay-gradient":""},"mobile":{"background-color":"var(--ast-global-color-5)","background-image":"","background-repeat":"repeat","background-position":"center center","background-size":"auto","background-attachment":"scroll","background-type":"","background-media":"","overlay-type":"","overlay-color":"","overlay-opacity":"","overlay-gradient":""}},"footnotes":""},"class_list":["post-22","page","type-page","status-publish","hentry"],"uagb_featured_image_src":{"full":false,"thumbnail":false,"medium":false,"medium_large":false,"large":false,"1536x1536":false,"2048x2048":false},"uagb_author_info":{"display_name":"admin","author_link":"https:\/\/esom.cl\/blog\/author\/admin\/"},"uagb_comment_info":0,"uagb_excerpt":"Salud para su Equipo y RESPALDO para su Empresa Certificamos la Aptitud Laboral de sus Trabajadores Nuestros servicios de Ex\u00e1menes [&hellip;]","_links":{"self":[{"href":"https:\/\/esom.cl\/blog\/wp-json\/wp\/v2\/pages\/22","targetHints":{"allow":["GET"]}}],"collection":[{"href":"https:\/\/esom.cl\/blog\/wp-json\/wp\/v2\/pages"}],"about":[{"href":"https:\/\/esom.cl\/blog\/wp-json\/wp\/v2\/types\/page"}],"author":[{"embeddable":true,"href":"https:\/\/esom.cl\/blog\/wp-json\/wp\/v2\/users\/1"}],"replies":[{"embeddable":true,"href":"https:\/\/esom.cl\/blog\/wp-json\/wp\/v2\/comments?post=22"}],"version-history":[{"count":9,"href":"https:\/\/esom.cl\/blog\/wp-json\/wp\/v2\/pages\/22\/revisions"}],"predecessor-version":[{"id":571,"href":"https:\/\/esom.cl\/blog\/wp-json\/wp\/v2\/pages\/22\/revisions\/571"}],"wp:attachment":[{"href":"https:\/\/esom.cl\/blog\/wp-json\/wp\/v2\/media?parent=22"}],"curies":[{"name":"wp","href":"https:\/\/api.w.org\/{rel}","templated":true}]}}